{"id":152,"date":"2023-11-10T19:35:00","date_gmt":"2023-11-10T19:35:00","guid":{"rendered":"https:\/\/servpyx.com.br\/wfe\/?page_id=152"},"modified":"2023-11-16T13:55:54","modified_gmt":"2023-11-16T13:55:54","slug":"quem-somos","status":"publish","type":"page","link":"https:\/\/servpyx.com.br\/wfe\/quem-somos\/","title":{"rendered":"Quem Somos"},"content":{"rendered":"\n<p>A ServPyx tem uma s\u00f3lida trajet\u00f3ria no mercado, contando com profissionais certificados e capacitados dedicados a atender suas necessidades. Mais do que simplesmente fornecer servi\u00e7os ou consultoria, buscamos estabelecer uma parceria s\u00f3lida, contribuindo ativamente para o crescimento sustent\u00e1vel de sua empresa. <\/p>\n\n\n\n<p>Acreditamos firmemente que criar abordagens inovadoras e eficazes para alcan\u00e7ar o din\u00e2mico mercado de tecnologia avan\u00e7ada \u00e9 essencial para garantir o crescimento cont\u00ednuo de nossos clientes e parceiros fabricantes. Isso \u00e9 alcan\u00e7ado atrav\u00e9s do recrutamento, reten\u00e7\u00e3o e agrega\u00e7\u00e3o de valor a fabricantes, clientes e funcion\u00e1rios que se destacam em suas respectivas \u00e1reas e mercados.<\/p>\n\n\n\n<p>Nosso compromisso \u00e9 fornecer sempre os melhores conselhos com elevado profissionalismo a todos os nossos membros. Para assegurar isso, nossos especialistas dedicaram meses \u00e0 elabora\u00e7\u00e3o de guias de assessoramento desde antes da funda\u00e7\u00e3o da empresa. Al\u00e9m disso, nossa equipe de especialistas est\u00e1 constantemente debatendo e aprimorando nossos guias e servi\u00e7os para garantir a excel\u00eancia em nosso atendimento.<\/p>\n","protected":false},"excerpt":{"rendered":"<p>A ServPyx tem uma s\u00f3lida trajet\u00f3ria no mercado, contando com profissionais certificados e capacitados dedicados a atender suas necessidades. Mais do que simplesmente fornecer servi\u00e7os ou consultoria, buscamos estabelecer uma parceria s\u00f3lida, contribuindo ativamente para o crescimento sustent\u00e1vel de sua empresa. Acreditamos firmemente que criar abordagens inovadoras e eficazes para alcan\u00e7ar o din\u00e2mico mercado de&hellip;<\/p>\n","protected":false},"author":1,"featured_media":0,"parent":0,"menu_order":0,"comment_status":"closed","ping_status":"closed","template":"","meta":{"footnotes":""},"class_list":["post-152","page","type-page","status-publish","hentry"],"_links":{"self":[{"href":"https:\/\/servpyx.com.br\/wfe\/wp-json\/wp\/v2\/pages\/152","targetHints":{"allow":["GET"]}}],"collection":[{"href":"https:\/\/servpyx.com.br\/wfe\/wp-json\/wp\/v2\/pages"}],"about":[{"href":"https:\/\/servpyx.com.br\/wfe\/wp-json\/wp\/v2\/types\/page"}],"author":[{"embeddable":true,"href":"https:\/\/servpyx.com.br\/wfe\/wp-json\/wp\/v2\/users\/1"}],"replies":[{"embeddable":true,"href":"https:\/\/servpyx.com.br\/wfe\/wp-json\/wp\/v2\/comments?post=152"}],"version-history":[{"count":2,"href":"https:\/\/servpyx.com.br\/wfe\/wp-json\/wp\/v2\/pages\/152\/revisions"}],"predecessor-version":[{"id":198,"href":"https:\/\/servpyx.com.br\/wfe\/wp-json\/wp\/v2\/pages\/152\/revisions\/198"}],"wp:attachment":[{"href":"https:\/\/servpyx.com.br\/wfe\/wp-json\/wp\/v2\/media?parent=152"}],"curies":[{"name":"wp","href":"https:\/\/api.w.org\/{rel}","templated":true}]}}