{"id":159,"date":"2023-11-10T19:43:03","date_gmt":"2023-11-10T19:43:03","guid":{"rendered":"https:\/\/servpyx.com.br\/wfe\/?page_id=159"},"modified":"2023-11-10T19:56:10","modified_gmt":"2023-11-10T19:56:10","slug":"fale-conosco","status":"publish","type":"page","link":"https:\/\/servpyx.com.br\/wfe\/fale-conosco\/","title":{"rendered":"Or\u00e7amento"},"content":{"rendered":"\n<h3 class=\"wp-block-heading\">Possu\u00edmos uma equipe altamente qualificada, pronta para atender sua solicita\u00e7\u00e3o!<\/h3>\n\n\n\n<p><\/p>\n\n\n\n<div class=\"forminator-guttenberg\"><div class=\"forminator-ui forminator-custom-form forminator-custom-form-161 forminator-design--flat  forminator_ajax\" data-forminator-render=\"0\" data-form=\"forminator-module-161\" data-uid=\"6a0501b6ece1d\"><br\/><\/div><form\n\t\t\t\tid=\"forminator-module-161\"\n\t\t\t\tclass=\"forminator-ui forminator-custom-form forminator-custom-form-161 forminator-design--flat  forminator_ajax\"\n\t\t\t\tmethod=\"post\"\n\t\t\t\tdata-forminator-render=\"0\"\n\t\t\t\tdata-form-id=\"161\"\n\t\t\t\tenctype=\"multipart\/form-data\" data-color-option=\"default\" data-design=\"flat\" data-grid=\"open\" style=\"display: none;\"\n\t\t\t\tdata-uid=\"6a0501b6ece1d\"\n\t\t\t><div role=\"alert\" aria-live=\"polite\" class=\"forminator-response-message forminator-error\" aria-hidden=\"true\"><\/div><div class=\"forminator-row\"><div id=\"name-1\" class=\"forminator-field-name forminator-col forminator-col-12 \"><div class=\"forminator-field\"><label for=\"forminator-field-name-1_6a0501b6ece1d\" id=\"forminator-field-name-1_6a0501b6ece1d-label\" class=\"forminator-label\">Nome\/Empresa <span class=\"forminator-required\">*<\/span><\/label><input type=\"text\" name=\"name-1\" value=\"\" placeholder=\"\" id=\"forminator-field-name-1_6a0501b6ece1d\" class=\"forminator-input forminator-name--field\" aria-required=\"true\" autocomplete=\"name\" \/><\/div><\/div><\/div><div class=\"forminator-row\"><div id=\"phone-1\" class=\"forminator-field-phone forminator-col forminator-col-6 \"><div class=\"forminator-field\"><label for=\"forminator-field-phone-1_6a0501b6ece1d\" id=\"forminator-field-phone-1_6a0501b6ece1d-label\" class=\"forminator-label\">WhatsApp\/Telefone<\/label><input type=\"text\" name=\"phone-1\" value=\"\" placeholder=\"\" id=\"forminator-field-phone-1_6a0501b6ece1d\" class=\"forminator-input forminator-field--phone\" data-required=\"\" aria-required=\"false\" autocomplete=\"off\" \/><\/div><\/div><div id=\"email-1\" class=\"forminator-field-email forminator-col forminator-col-6 \"><div class=\"forminator-field\"><label for=\"forminator-field-email-1_6a0501b6ece1d\" id=\"forminator-field-email-1_6a0501b6ece1d-label\" class=\"forminator-label\">E-mail<\/label><input type=\"email\" name=\"email-1\" value=\"\" placeholder=\"\" id=\"forminator-field-email-1_6a0501b6ece1d\" class=\"forminator-input forminator-email--field\" data-required=\"\" aria-required=\"false\" autocomplete=\"email\" \/><\/div><\/div><\/div><div class=\"forminator-row\"><div id=\"address-1\" class=\"forminator-field-address forminator-col forminator-col-12 \"><div class=\"forminator-row\" data-multiple=\"true\"><div id=\"address-1-city\" class=\"forminator-col forminator-col-6\"><div class=\"forminator-field\"><label for=\"forminator-field-address-1-city_6a0501b6ece1d\" id=\"forminator-field-address-1-city_6a0501b6ece1d-label\" class=\"forminator-label\">Cidade<\/label><input type=\"text\" name=\"address-1-city\" placeholder=\"\" id=\"forminator-field-address-1-city_6a0501b6ece1d\" class=\"forminator-input\" data-required=\"\" aria-required=\"false\" autocomplete=\"address-level2\" value=\"\" \/><\/div><\/div><div id=\"address-1-state\" class=\"forminator-col forminator-col-6\"><div class=\"forminator-field\"><label for=\"forminator-field-address-1-state_6a0501b6ece1d\" id=\"forminator-field-address-1-state_6a0501b6ece1d-label\" class=\"forminator-label\">Estado<\/label><input type=\"text\" name=\"address-1-state\" placeholder=\"\" id=\"forminator-field-address-1-state_6a0501b6ece1d\" class=\"forminator-input\" data-required=\"\" aria-required=\"false\" autocomplete=\"address-level1\" value=\"\" \/><\/div><\/div><\/div><\/div><\/div><div class=\"forminator-row\"><div id=\"select-2\" class=\"forminator-field-select forminator-col forminator-col-6 \"><div class=\"forminator-field\"><label for=\"forminator-form-161__field--select-2_6a0501b6ece1d\" id=\"forminator-form-161__field--select-2_6a0501b6ece1d-label\" class=\"forminator-label\">Tipo de Im\u00f3vel<\/label><select  id=\"forminator-form-161__field--select-2_6a0501b6ece1d\" class=\"forminator-select--field forminator-select2 forminator-select2-multiple\" data-required=\"\" name=\"select-2\" data-default-value=\"\" data-hidden-behavior=\"zero\" data-placeholder=\"\" data-search=\"false\" data-search-placeholder=\"\" data-checkbox=\"false\" data-allow-clear=\"false\" aria-labelledby=\"forminator-form-161__field--select-2_6a0501b6ece1d-label\"><option value=\"one\"  data-calculation=\"0\">Casa<\/option><option value=\"two\"  data-calculation=\"0\">Apartamento<\/option><option value=\"Acima-de-03-ambientes\"  data-calculation=\"0\">Sala Comercial<\/option><\/select><\/div><\/div><div id=\"textarea-2\" class=\"forminator-field-textarea forminator-col forminator-col-6 \"><div class=\"forminator-field\"><label for=\"forminator-field-textarea-2_6a0501b6ece1d\" id=\"forminator-field-textarea-2_6a0501b6ece1d-label\" class=\"forminator-label\">Descreva o que voc\u00ea precisa:<\/label><textarea name=\"textarea-2\" placeholder=\"\" id=\"forminator-field-textarea-2_6a0501b6ece1d\" class=\"forminator-textarea\" rows=\"6\" style=\"min-height:140px;\" ><\/textarea><\/div><\/div><\/div><div class=\"forminator-row\"><div id=\"upload-1\" class=\"forminator-field-upload forminator-col forminator-col-6 \"><div class=\"forminator-field\"><label for=\"forminator-field-upload-1_6a0501b6ece1d\" id=\"forminator-field-upload-1_6a0501b6ece1d-label\" class=\"forminator-label\">Se j\u00e1 tem um projeto, envie aqui:<\/label><div class=\"forminator-file-upload \" data-element=\"upload-1_6a0501b6ece1d\"><input type=\"file\" name=\"upload-1\" id=\"forminator-field-upload-1_6a0501b6ece1d\" class=\"forminator-input-file\" accept=\".jpg,.jpeg,.jpe,.gif,.png,.tiff,.tif,.webp,.doc,.docx,.pdf,.xla,.xls,.xlt,.xlw\" tabindex=\"-1\"><button id=\"forminator-field-upload-1_6a0501b6ece1d_button\" class=\"forminator-button forminator-button-upload\" data-id=\"forminator-field-upload-1_6a0501b6ece1d\">Selecione Arquivo<\/button><span data-empty-text=\"Nenhum arquivo selecionado ainda\">Nenhum arquivo selecionado ainda<\/span><button class=\"forminator-button-delete\" style=\"display: none;\"><i class=\"forminator-icon-close\" aria-hidden=\"true\"><\/i><span class=\"forminator-screen-reader-only\">Deletar arquivo enviado<\/span><\/button><\/div><\/div><\/div><div id=\"textarea-3\" class=\"forminator-field-textarea forminator-col forminator-col-6 \"><div class=\"forminator-field\"><label for=\"forminator-field-textarea-3_6a0501b6ece1d\" id=\"forminator-field-textarea-3_6a0501b6ece1d-label\" class=\"forminator-label\">Se ainda n\u00e3o tem projeto, descreva a quantidade de pontos de ilumina\u00e7\u00e3o e interruptores desejados.<\/label><textarea name=\"textarea-3\" placeholder=\"\" id=\"forminator-field-textarea-3_6a0501b6ece1d\" class=\"forminator-textarea\" rows=\"6\" style=\"min-height:140px;\" ><\/textarea><\/div><\/div><\/div><div class=\"forminator-row\"><div id=\"captcha-1\" class=\"forminator-field-captcha forminator-col forminator-col-12 \"><div class=\"forminator-captcha-left forminator-g-recaptcha recaptcha-invisible\" data-theme=\"light\" data-badge=\"inline\" data-sitekey=\"6LeOXxspAAAAAA8COp8nPHllW4G6f8Jui2AZ5zOL\" data-size=\"invisible\"><\/div> <\/div><\/div><input type=\"hidden\" name=\"referer_url\" value=\"\" \/><div class=\"forminator-row forminator-row-last\"><div class=\"forminator-col\"><div class=\"forminator-field\"><button class=\"forminator-button forminator-button-submit\">Enviar mensagem<\/button><\/div><\/div><\/div><input type=\"hidden\" id=\"forminator_nonce\" name=\"forminator_nonce\" value=\"fe76626f1d\" \/><input type=\"hidden\" name=\"_wp_http_referer\" value=\"\/wfe\/wp-json\/wp\/v2\/pages\/159\" \/><input type=\"hidden\" name=\"form_id\" value=\"161\"><input type=\"hidden\" name=\"page_id\" value=\"159\"><input type=\"hidden\" name=\"form_type\" value=\"default\"><input type=\"hidden\" name=\"current_url\" value=\"https:\/\/servpyx.com.br\/wfe\/fale-conosco\/\"><input type=\"hidden\" name=\"render_id\" value=\"0\"><input type=\"hidden\" name=\"action\" value=\"forminator_submit_form_custom-forms\"><\/form><\/div>\n","protected":false},"excerpt":{"rendered":"<p>Possu\u00edmos uma equipe altamente qualificada, pronta para atender sua solicita\u00e7\u00e3o!<\/p>\n","protected":false},"author":1,"featured_media":0,"parent":0,"menu_order":0,"comment_status":"closed","ping_status":"closed","template":"","meta":{"footnotes":""},"class_list":["post-159","page","type-page","status-publish","hentry"],"_links":{"self":[{"href":"https:\/\/servpyx.com.br\/wfe\/wp-json\/wp\/v2\/pages\/159","targetHints":{"allow":["GET"]}}],"collection":[{"href":"https:\/\/servpyx.com.br\/wfe\/wp-json\/wp\/v2\/pages"}],"about":[{"href":"https:\/\/servpyx.com.br\/wfe\/wp-json\/wp\/v2\/types\/page"}],"author":[{"embeddable":true,"href":"https:\/\/servpyx.com.br\/wfe\/wp-json\/wp\/v2\/users\/1"}],"replies":[{"embeddable":true,"href":"https:\/\/servpyx.com.br\/wfe\/wp-json\/wp\/v2\/comments?post=159"}],"version-history":[{"count":4,"href":"https:\/\/servpyx.com.br\/wfe\/wp-json\/wp\/v2\/pages\/159\/revisions"}],"predecessor-version":[{"id":165,"href":"https:\/\/servpyx.com.br\/wfe\/wp-json\/wp\/v2\/pages\/159\/revisions\/165"}],"wp:attachment":[{"href":"https:\/\/servpyx.com.br\/wfe\/wp-json\/wp\/v2\/media?parent=159"}],"curies":[{"name":"wp","href":"https:\/\/api.w.org\/{rel}","templated":true}]}}