{"id":2,"date":"2023-11-09T11:29:37","date_gmt":"2023-11-09T11:29:37","guid":{"rendered":"https:\/\/servpyx.com.br\/wfe\/?page_id=2"},"modified":"2023-11-16T18:20:41","modified_gmt":"2023-11-16T18:20:41","slug":"como-funciona","status":"publish","type":"page","link":"https:\/\/servpyx.com.br\/wfe\/como-funciona\/","title":{"rendered":"Como Funciona"},"content":{"rendered":"\n<div class=\"wp-block-group has-white-background-color has-background has-global-padding is-layout-constrained wp-container-core-group-is-layout-eeecc6f7 wp-block-group-is-layout-constrained\" style=\"margin-top:0;margin-bottom:0\">\n<div class=\"wp-block-group has-base-color has-text-color has-global-padding is-layout-constrained wp-container-core-group-is-layout-52dd61dd wp-block-group-is-layout-constrained\" style=\"margin-top:0;padding-top:3.3rem;padding-bottom:3.3rem\">\n<div class=\"wp-block-group has-global-padding is-layout-constrained wp-container-core-group-is-layout-ce91d2a6 wp-block-group-is-layout-constrained\" style=\"border-top-color:var(--wp--preset--color--transparent);margin-top:0;margin-bottom:0;padding-top:var(--wp--preset--spacing--50);padding-right:var(--wp--preset--spacing--30);padding-bottom:var(--wp--preset--spacing--50);padding-left:var(--wp--preset--spacing--30)\">\n<h2 class=\"wp-block-heading has-text-align-center has-vivid-cyan-blue-color has-text-color has-large-font-size\" style=\"margin-bottom:0rem\"><strong>Como trabalhamos<\/strong><\/h2>\n\n\n\n<p class=\"has-text-align-center has-base-color has-text-color has-small-font-size\">para que sua empresa ou startup atinja todas suas metas?<\/p>\n<\/div>\n\n\n\n<div class=\"wp-block-columns is-layout-flex wp-container-core-columns-is-layout-28f84493 wp-block-columns-is-layout-flex\">\n<div class=\"wp-block-column has-border-color has-cyan-bluish-gray-border-color has-background is-layout-flow wp-block-column-is-layout-flow\" style=\"border-width:1px;background-color:#f6f7f8;padding-top:20px;padding-right:20px;padding-bottom:20px;padding-left:20px\">\n<p class=\"has-text-align-center has-base-color has-text-color has-link-color wp-elements-1ca9fa013cd3ebc9700104650a0bee6f\" style=\"font-size:clamp(20px, 1.25rem + ((1vw - 3.2px) * 0.938), 32px);\"><strong>Resultados<\/strong><\/p>\n\n\n\n<p class=\"has-text-align-center\" style=\"font-size:clamp(0.875em, 0.875rem + ((1vw - 0.2em) * 0.156), 1em);line-height:1.4\">Vamos construir juntos o sucesso da sua organiza\u00e7\u00e3o, com di\u00e1logos construtivos, respeito e objetivo!<\/p>\n<\/div>\n\n\n\n<div class=\"wp-block-column has-border-color has-cyan-bluish-gray-border-color has-background is-layout-flow wp-block-column-is-layout-flow\" style=\"border-width:1px;background-color:#f6f7f8;padding-top:20px;padding-right:20px;padding-bottom:20px;padding-left:20px\">\n<p class=\"has-text-align-center has-base-color has-text-color has-link-color wp-elements-2bd6ea1690cdd360519c624a8201b2ce\" style=\"font-size:clamp(20px, 1.25rem + ((1vw - 3.2px) * 0.938), 32px);\"><strong>Atendimento<\/strong><\/p>\n\n\n\n<p class=\"has-text-align-center\" style=\"font-size:clamp(0.875em, 0.875rem + ((1vw - 0.2em) * 0.156), 1em);line-height:1.4\">Al\u00e9m da nossa f\u00e1cil localiza\u00e7\u00e3o, voc\u00ea tem suporte de qualquer lugar que esteja \u00e0 qualquer hor\u00e1rio em prol da sua satisfa\u00e7\u00e3o.<\/p>\n<\/div>\n\n\n\n<div class=\"wp-block-column has-border-color has-cyan-bluish-gray-border-color has-background is-layout-flow wp-block-column-is-layout-flow\" style=\"border-width:1px;background-color:#f6f7f8;padding-top:20px;padding-right:20px;padding-bottom:20px;padding-left:20px\">\n<p class=\"has-text-align-center has-base-color has-text-color has-link-color wp-elements-3383a05898f22a5453f4a190672022b0\" style=\"font-size:clamp(20px, 1.25rem + ((1vw - 3.2px) * 0.938), 32px);\"><strong>Efici\u00eancia<\/strong><\/p>\n\n\n\n<p class=\"has-text-align-center\" style=\"font-size:clamp(0.875em, 0.875rem + ((1vw - 0.2em) * 0.156), 1em);line-height:1.4\">Projetos bem elaborados rendem resultados e \u00e9 isto que buscamos oferecer a nossos clientes, processos \u00e1geis e eficazes com qualidade.<\/p>\n<\/div>\n<\/div>\n\n\n\n<div class=\"wp-block-group alignfull has-text-color has-background is-layout-flow wp-block-group-is-layout-flow\" style=\"color:#000000;background-color:#ffffff\">\n<div style=\"height:27px\" aria-hidden=\"true\" class=\"wp-block-spacer\"><\/div>\n\n\n\n<h2 class=\"wp-block-heading has-text-align-center has-base-color has-text-color has-link-color wp-elements-ccedb166414b7ecd37b60863ec5a3076\" id=\"schedule-a-visit\" style=\"font-size:clamp(20px, 1.25rem + ((1vw - 3.2px) * 0.938), 32px);line-height:1.15\"><strong>Agende um Atendimento<\/strong><\/h2>\n\n\n\n<div class=\"wp-block-buttons is-horizontal is-content-justification-center is-layout-flex wp-container-core-buttons-is-layout-03627597 wp-block-buttons-is-layout-flex\">\n<div class=\"wp-block-button has-custom-width wp-block-button__width-100\"><a class=\"wp-block-button__link has-text-color has-background wp-element-button\" href=\"https:\/\/web.whatsapp.com\/send?phone=5511965791005\" style=\"border-radius:50px;color:#ffffff;background-color:#1d9d2c\" target=\"_blank\" rel=\"noreferrer noopener\">Clique aqui e voc\u00ea ser\u00e1 direcionado ao nosso WhatsApp!<\/a><\/div>\n<\/div>\n<\/div>\n<\/div>\n\n\n\n<div style=\"height:20px\" aria-hidden=\"true\" class=\"wp-block-spacer\"><\/div>\n<\/div>\n","protected":false},"excerpt":{"rendered":"<p>Como trabalhamos para que sua empresa ou startup atinja todas suas metas? Resultados Vamos construir juntos o sucesso da sua organiza\u00e7\u00e3o, com di\u00e1logos construtivos, respeito e objetivo! Atendimento Al\u00e9m da nossa f\u00e1cil localiza\u00e7\u00e3o, voc\u00ea tem suporte de qualquer lugar que esteja \u00e0 qualquer hor\u00e1rio em prol da sua satisfa\u00e7\u00e3o. Efici\u00eancia Projetos bem elaborados rendem resultados&hellip;<\/p>\n","protected":false},"author":1,"featured_media":0,"parent":0,"menu_order":0,"comment_status":"closed","ping_status":"open","template":"","meta":{"footnotes":""},"class_list":["post-2","page","type-page","status-publish","hentry"],"_links":{"self":[{"href":"https:\/\/servpyx.com.br\/wfe\/wp-json\/wp\/v2\/pages\/2","targetHints":{"allow":["GET"]}}],"collection":[{"href":"https:\/\/servpyx.com.br\/wfe\/wp-json\/wp\/v2\/pages"}],"about":[{"href":"https:\/\/servpyx.com.br\/wfe\/wp-json\/wp\/v2\/types\/page"}],"author":[{"embeddable":true,"href":"https:\/\/servpyx.com.br\/wfe\/wp-json\/wp\/v2\/users\/1"}],"replies":[{"embeddable":true,"href":"https:\/\/servpyx.com.br\/wfe\/wp-json\/wp\/v2\/comments?post=2"}],"version-history":[{"count":32,"href":"https:\/\/servpyx.com.br\/wfe\/wp-json\/wp\/v2\/pages\/2\/revisions"}],"predecessor-version":[{"id":312,"href":"https:\/\/servpyx.com.br\/wfe\/wp-json\/wp\/v2\/pages\/2\/revisions\/312"}],"wp:attachment":[{"href":"https:\/\/servpyx.com.br\/wfe\/wp-json\/wp\/v2\/media?parent=2"}],"curies":[{"name":"wp","href":"https:\/\/api.w.org\/{rel}","templated":true}]}}