{"id":374,"date":"2025-10-14T11:16:12","date_gmt":"2025-10-14T11:16:12","guid":{"rendered":"https:\/\/servpyx.com.br\/wfe\/?page_id=374"},"modified":"2025-10-14T11:26:21","modified_gmt":"2025-10-14T11:26:21","slug":"pesquisa-de-satisfacao","status":"publish","type":"page","link":"https:\/\/servpyx.com.br\/wfe\/pesquisa-de-satisfacao\/","title":{"rendered":"Pesquisa de Satisfa\u00e7\u00e3o"},"content":{"rendered":"\n<h2 class=\"wp-block-heading has-text-align-center\">Pesquisa de Satisfa\u00e7\u00e3o<\/h2>\n\n\n\n<div style=\"height:63px\" aria-hidden=\"true\" class=\"wp-block-spacer\"><\/div>\n\n\n\n<div class=\"forminator-guttenberg\"><div class=\"forminator-ui forminator-custom-form forminator-custom-form-372 forminator-design--default  forminator_ajax\" data-forminator-render=\"0\" data-form=\"forminator-module-372\" data-uid=\"6a04fee8e5963\"><br\/><\/div><form\n\t\t\t\tid=\"forminator-module-372\"\n\t\t\t\tclass=\"forminator-ui forminator-custom-form forminator-custom-form-372 forminator-design--default  forminator_ajax\"\n\t\t\t\tmethod=\"post\"\n\t\t\t\tdata-forminator-render=\"0\"\n\t\t\t\tdata-form-id=\"372\"\n\t\t\t\t data-color-option=\"theme\" data-design=\"default\" data-grid=\"open\" style=\"display: none;\"\n\t\t\t\tdata-uid=\"6a04fee8e5963\"\n\t\t\t><div role=\"alert\" aria-live=\"polite\" class=\"forminator-response-message forminator-error\" aria-hidden=\"true\"><\/div><div class=\"forminator-row\"><div id=\"rating-1\" class=\"forminator-field-rating forminator-col forminator-col-6 \"><div class=\"forminator-field\"><label for=\"forminator-field-rating-1_6a04fee8e5963\" id=\"forminator-field-rating-1_6a04fee8e5963-label\" class=\"forminator-label\">Como voc\u00ea avalia sua experi\u00eancia geral com a SERVPYX?<\/label><select name=\"rating-1\" id=\"forminator-field-rating-1_6a04fee8e5963\" class=\"forminator-rating\" aria-errormessage=\"forminator-field-rating-1_6a04fee8e5963-error\" data-type=\"star\" data-size=\"md\" data-suffix=\"true\" aria-labelledby=\"forminator-field-rating-1_6a04fee8e5963-label\" data-default-value=\"0\"><option value=\"0\" selected=\"selected\" disabled>0<\/option><option value=\"1\" >1<\/option><option value=\"2\" >2<\/option><option value=\"3\" >3<\/option><option value=\"4\" >4<\/option><option value=\"5\" >5<\/option><\/select><\/div><\/div><div id=\"radio-1\" class=\"forminator-field-radio forminator-col forminator-col-6 \"><div role=\"radiogroup\" class=\"forminator-field\" aria-labelledby=\"forminator-radiogroup-radio-1-6a04fee8e5963-label\"><span id=\"forminator-radiogroup-radio-1-6a04fee8e5963-label\" class=\"forminator-label\">Voc\u00ea indicaria a SERVPYX para outras empresas\/pessoas?<\/span><label id=\"forminator-field-radio-1-label-1\" for=\"forminator-field-radio-1-1-6a04fee8e5963\" class=\"forminator-radio\" title=\"Sim\"><input type=\"radio\" name=\"radio-1\" value=\"one\" id=\"forminator-field-radio-1-1-6a04fee8e5963\" aria-labelledby=\"forminator-field-radio-1-label-1\" data-calculation=\"0\"   data-hidden-behavior=\"zero\"\/><span class=\"forminator-radio-bullet\" aria-hidden=\"true\"><\/span><span class=\"forminator-radio-label\">Sim<\/span><\/label><label id=\"forminator-field-radio-1-label-2\" for=\"forminator-field-radio-1-2-6a04fee8e5963\" class=\"forminator-radio\" title=\"N\u00e3o\"><input type=\"radio\" name=\"radio-1\" value=\"two\" id=\"forminator-field-radio-1-2-6a04fee8e5963\" aria-labelledby=\"forminator-field-radio-1-label-2\" data-calculation=\"0\"   data-hidden-behavior=\"zero\"\/><span class=\"forminator-radio-bullet\" aria-hidden=\"true\"><\/span><span class=\"forminator-radio-label\">N\u00e3o<\/span><\/label><label id=\"forminator-field-radio-1-label-3\" for=\"forminator-field-radio-1-3-6a04fee8e5963\" class=\"forminator-radio\" title=\"Talvez\"><input type=\"radio\" name=\"radio-1\" value=\"Talvez\" id=\"forminator-field-radio-1-3-6a04fee8e5963\" aria-labelledby=\"forminator-field-radio-1-label-3\" data-calculation=\"0\"   data-hidden-behavior=\"zero\"\/><span class=\"forminator-radio-bullet\" aria-hidden=\"true\"><\/span><span class=\"forminator-radio-label\">Talvez<\/span><\/label><\/div><\/div><\/div><div class=\"forminator-row\"><div id=\"text-1\" class=\"forminator-field-text forminator-col forminator-col-12 \"><div class=\"forminator-field\"><label for=\"forminator-field-text-1_6a04fee8e5963\" id=\"forminator-field-text-1_6a04fee8e5963-label\" class=\"forminator-label\">O que mais te agrada nos nossos servi\u00e7os?<\/label><input type=\"text\" name=\"text-1\" value=\"\" placeholder=\"\" id=\"forminator-field-text-1_6a04fee8e5963\" class=\"forminator-input forminator-name--field\" data-required=\"\" \/><\/div><\/div><\/div><div class=\"forminator-row\"><div id=\"checkbox-1\" class=\"forminator-field-checkbox forminator-col forminator-col-4 \"><div role=\"group\" class=\"forminator-field\" aria-labelledby=\"forminator-checkbox-group-forminator-field-checkbox-1-6a04fee8e5963-label\"><span id=\"forminator-checkbox-group-forminator-field-checkbox-1-6a04fee8e5963-label\" class=\"forminator-label\">Os servi\u00e7os est\u00e3o de acordo com o contratado?<\/span><label id=\"forminator-field-checkbox-1-1-6a04fee8e5963-label\" for=\"forminator-field-checkbox-1-1-6a04fee8e5963\" class=\"forminator-checkbox\" title=\"\u00d3timo\"><input type=\"checkbox\" name=\"checkbox-1[]\" value=\"one\" id=\"forminator-field-checkbox-1-1-6a04fee8e5963\" aria-labelledby=\"forminator-field-checkbox-1-1-6a04fee8e5963-label\" data-calculation=\"0\"   data-hidden-behavior=\"zero\"\/><span class=\"forminator-checkbox-box\" aria-hidden=\"true\"><\/span><span class=\"forminator-checkbox-label\">\u00d3timo<\/span><\/label><label id=\"forminator-field-checkbox-1-2-6a04fee8e5963-label\" for=\"forminator-field-checkbox-1-2-6a04fee8e5963\" class=\"forminator-checkbox\" title=\"Bom\"><input type=\"checkbox\" name=\"checkbox-1[]\" value=\"two\" id=\"forminator-field-checkbox-1-2-6a04fee8e5963\" aria-labelledby=\"forminator-field-checkbox-1-2-6a04fee8e5963-label\" data-calculation=\"0\"   data-hidden-behavior=\"zero\"\/><span class=\"forminator-checkbox-box\" aria-hidden=\"true\"><\/span><span class=\"forminator-checkbox-label\">Bom<\/span><\/label><label id=\"forminator-field-checkbox-1-3-6a04fee8e5963-label\" for=\"forminator-field-checkbox-1-3-6a04fee8e5963\" class=\"forminator-checkbox\" title=\"Regular\"><input type=\"checkbox\" name=\"checkbox-1[]\" value=\"Regular\" id=\"forminator-field-checkbox-1-3-6a04fee8e5963\" aria-labelledby=\"forminator-field-checkbox-1-3-6a04fee8e5963-label\" data-calculation=\"0\"   data-hidden-behavior=\"zero\"\/><span class=\"forminator-checkbox-box\" aria-hidden=\"true\"><\/span><span class=\"forminator-checkbox-label\">Regular<\/span><\/label><label id=\"forminator-field-checkbox-1-4-6a04fee8e5963-label\" for=\"forminator-field-checkbox-1-4-6a04fee8e5963\" class=\"forminator-checkbox\" title=\"P\u00e9ssimo\"><input type=\"checkbox\" name=\"checkbox-1[]\" value=\"P\u00e9ssimo\" id=\"forminator-field-checkbox-1-4-6a04fee8e5963\" aria-labelledby=\"forminator-field-checkbox-1-4-6a04fee8e5963-label\" data-calculation=\"0\"   data-hidden-behavior=\"zero\"\/><span class=\"forminator-checkbox-box\" aria-hidden=\"true\"><\/span><span class=\"forminator-checkbox-label\">P\u00e9ssimo<\/span><\/label><\/div><\/div><div id=\"radio-2\" class=\"forminator-field-radio forminator-col forminator-col-4 \"><div role=\"radiogroup\" class=\"forminator-field\" aria-labelledby=\"forminator-radiogroup-radio-2-6a04fee8e5963-label\"><span id=\"forminator-radiogroup-radio-2-6a04fee8e5963-label\" class=\"forminator-label\">Como foi o atendimento da equipe t\u00e9cnica?<\/span><label id=\"forminator-field-radio-2-label-1\" for=\"forminator-field-radio-2-1-6a04fee8e5963\" class=\"forminator-radio\" title=\"\u00d3timo\"><input type=\"radio\" name=\"radio-2\" value=\"one\" id=\"forminator-field-radio-2-1-6a04fee8e5963\" aria-labelledby=\"forminator-field-radio-2-label-1\" data-calculation=\"0\"   data-hidden-behavior=\"zero\"\/><span class=\"forminator-radio-bullet\" aria-hidden=\"true\"><\/span><span class=\"forminator-radio-label\">\u00d3timo<\/span><\/label><label id=\"forminator-field-radio-2-label-2\" for=\"forminator-field-radio-2-2-6a04fee8e5963\" class=\"forminator-radio\" title=\"Bom\"><input type=\"radio\" name=\"radio-2\" value=\"two\" id=\"forminator-field-radio-2-2-6a04fee8e5963\" aria-labelledby=\"forminator-field-radio-2-label-2\" data-calculation=\"0\"   data-hidden-behavior=\"zero\"\/><span class=\"forminator-radio-bullet\" aria-hidden=\"true\"><\/span><span class=\"forminator-radio-label\">Bom<\/span><\/label><label id=\"forminator-field-radio-2-label-3\" for=\"forminator-field-radio-2-3-6a04fee8e5963\" class=\"forminator-radio\" title=\"Regular\"><input type=\"radio\" name=\"radio-2\" value=\"Regular\" id=\"forminator-field-radio-2-3-6a04fee8e5963\" aria-labelledby=\"forminator-field-radio-2-label-3\" data-calculation=\"0\"   data-hidden-behavior=\"zero\"\/><span class=\"forminator-radio-bullet\" aria-hidden=\"true\"><\/span><span class=\"forminator-radio-label\">Regular<\/span><\/label><label id=\"forminator-field-radio-2-label-4\" for=\"forminator-field-radio-2-4-6a04fee8e5963\" class=\"forminator-radio\" title=\"P\u00e9ssimo\"><input type=\"radio\" name=\"radio-2\" value=\"P\u00e9ssimo\" id=\"forminator-field-radio-2-4-6a04fee8e5963\" aria-labelledby=\"forminator-field-radio-2-label-4\" data-calculation=\"0\"   data-hidden-behavior=\"zero\"\/><span class=\"forminator-radio-bullet\" aria-hidden=\"true\"><\/span><span class=\"forminator-radio-label\">P\u00e9ssimo<\/span><\/label><\/div><\/div><div id=\"radio-3\" class=\"forminator-field-radio forminator-col forminator-col-4 \"><div role=\"radiogroup\" class=\"forminator-field\" aria-labelledby=\"forminator-radiogroup-radio-3-6a04fee8e5963-label\"><span id=\"forminator-radiogroup-radio-3-6a04fee8e5963-label\" class=\"forminator-label\">Quando voc\u00ea precisa de suporte, seu problema \u00e9 resolvido rapidamente?<\/span><label id=\"forminator-field-radio-3-label-1\" for=\"forminator-field-radio-3-1-6a04fee8e5963\" class=\"forminator-radio\" title=\"Sempre\"><input type=\"radio\" name=\"radio-3\" value=\"one\" id=\"forminator-field-radio-3-1-6a04fee8e5963\" aria-labelledby=\"forminator-field-radio-3-label-1\" data-calculation=\"0\"   data-hidden-behavior=\"zero\"\/><span class=\"forminator-radio-bullet\" aria-hidden=\"true\"><\/span><span class=\"forminator-radio-label\">Sempre<\/span><\/label><label id=\"forminator-field-radio-3-label-2\" for=\"forminator-field-radio-3-2-6a04fee8e5963\" class=\"forminator-radio\" title=\"\u00c0s Vezes\"><input type=\"radio\" name=\"radio-3\" value=\"two\" id=\"forminator-field-radio-3-2-6a04fee8e5963\" aria-labelledby=\"forminator-field-radio-3-label-2\" data-calculation=\"0\"   data-hidden-behavior=\"zero\"\/><span class=\"forminator-radio-bullet\" aria-hidden=\"true\"><\/span><span class=\"forminator-radio-label\">\u00c0s Vezes<\/span><\/label><label id=\"forminator-field-radio-3-label-3\" for=\"forminator-field-radio-3-3-6a04fee8e5963\" class=\"forminator-radio\" title=\"Raramente\"><input type=\"radio\" name=\"radio-3\" value=\"Raramente\" id=\"forminator-field-radio-3-3-6a04fee8e5963\" aria-labelledby=\"forminator-field-radio-3-label-3\" data-calculation=\"0\"   data-hidden-behavior=\"zero\"\/><span class=\"forminator-radio-bullet\" aria-hidden=\"true\"><\/span><span class=\"forminator-radio-label\">Raramente<\/span><\/label><label id=\"forminator-field-radio-3-label-4\" for=\"forminator-field-radio-3-4-6a04fee8e5963\" class=\"forminator-radio\" title=\"Nunca\"><input type=\"radio\" name=\"radio-3\" value=\"Nunca\" id=\"forminator-field-radio-3-4-6a04fee8e5963\" aria-labelledby=\"forminator-field-radio-3-label-4\" data-calculation=\"0\"   data-hidden-behavior=\"zero\"\/><span class=\"forminator-radio-bullet\" aria-hidden=\"true\"><\/span><span class=\"forminator-radio-label\">Nunca<\/span><\/label><\/div><\/div><\/div><div class=\"forminator-row\"><div id=\"textarea-1\" class=\"forminator-field-textarea forminator-col forminator-col-6 \"><div class=\"forminator-field\"><label for=\"forminator-field-textarea-1_6a04fee8e5963\" id=\"forminator-field-textarea-1_6a04fee8e5963-label\" class=\"forminator-label\">H\u00e1 algum servi\u00e7o ou poduto que voc\u00ea gostaria que a ServPyx oferecesse?<\/label><textarea name=\"textarea-1\" placeholder=\"\" id=\"forminator-field-textarea-1_6a04fee8e5963\" class=\"forminator-textarea\" rows=\"6\" style=\"min-height:140px;\" ><\/textarea><\/div><\/div><div id=\"textarea-2\" class=\"forminator-field-textarea forminator-col forminator-col-6 \"><div class=\"forminator-field\"><label for=\"forminator-field-textarea-2_6a04fee8e5963\" id=\"forminator-field-textarea-2_6a04fee8e5963-label\" class=\"forminator-label\">Deseja deixar algum coment\u00e1rio ou elogio?<\/label><textarea name=\"textarea-2\" placeholder=\"\" id=\"forminator-field-textarea-2_6a04fee8e5963\" class=\"forminator-textarea\" rows=\"6\" style=\"min-height:140px;\" ><\/textarea><\/div><\/div><\/div><div class=\"forminator-row\"><div id=\"name-1\" class=\"forminator-field-name forminator-col forminator-col-3 \"><div class=\"forminator-field\"><label for=\"forminator-field-name-1_6a04fee8e5963\" id=\"forminator-field-name-1_6a04fee8e5963-label\" class=\"forminator-label\">Deixe seu nome<\/label><input type=\"text\" name=\"name-1\" value=\"\" placeholder=\"\" id=\"forminator-field-name-1_6a04fee8e5963\" class=\"forminator-input forminator-name--field\" aria-required=\"false\" autocomplete=\"name\" \/><\/div><\/div><div id=\"name-2\" class=\"forminator-field-name forminator-col forminator-col-3 \"><div class=\"forminator-field\"><label for=\"forminator-field-name-2_6a04fee8e5963\" id=\"forminator-field-name-2_6a04fee8e5963-label\" class=\"forminator-label\">Qual sua empresa<\/label><input type=\"text\" name=\"name-2\" value=\"\" placeholder=\"\" id=\"forminator-field-name-2_6a04fee8e5963\" class=\"forminator-input forminator-name--field\" aria-required=\"false\" autocomplete=\"name\" \/><\/div><\/div><div id=\"email-1\" class=\"forminator-field-email forminator-col forminator-col-3 \"><div class=\"forminator-field\"><label for=\"forminator-field-email-1_6a04fee8e5963\" id=\"forminator-field-email-1_6a04fee8e5963-label\" class=\"forminator-label\">E-mail<\/label><input type=\"email\" name=\"email-1\" value=\"\" placeholder=\"\" id=\"forminator-field-email-1_6a04fee8e5963\" class=\"forminator-input forminator-email--field\" data-required=\"\" aria-required=\"false\" autocomplete=\"email\" \/><\/div><\/div><div id=\"phone-1\" class=\"forminator-field-phone forminator-col forminator-col-3 \"><div class=\"forminator-field\"><label for=\"forminator-field-phone-1_6a04fee8e5963\" id=\"forminator-field-phone-1_6a04fee8e5963-label\" class=\"forminator-label\">Telefone\/WhatsApp<\/label><input type=\"text\" name=\"phone-1\" value=\"\" placeholder=\"\" id=\"forminator-field-phone-1_6a04fee8e5963\" class=\"forminator-input forminator-field--phone\" data-required=\"\" aria-required=\"false\" autocomplete=\"off\" \/><\/div><\/div><\/div><div class=\"forminator-row\"><div id=\"consent-1\" class=\"forminator-field-consent forminator-col forminator-col-12 \"><div class=\"forminator-field\"><label for=\"forminator-field-consent-1_6a04fee8e5963\" id=\"forminator-field-consent-1_6a04fee8e5963-label\" class=\"forminator-label\">Consentimento <span class=\"forminator-required\">*<\/span><\/label><div class=\"forminator-checkbox__wrapper\"><label id=\"forminator-field-consent-1_6a04fee8e5963__label\" class=\"forminator-checkbox forminator-consent\" aria-labelledby=\"forminator-field-consent-1_6a04fee8e5963-label\" aria-hidden=\"true\"><input type=\"checkbox\" name=\"consent-1\" id=\"forminator-field-consent-1_6a04fee8e5963\" value=\"checked\" aria-labelledby=\"forminator-field-consent-1_6a04fee8e5963-label\" aria-describedby=\"forminator-field-consent-1_6a04fee8e5963__description\" data-required=\"true\" aria-required=\"true\" \/><span class=\"forminator-checkbox-box\" aria-hidden=\"true\"><\/span><\/label><div id=\"forminator-field-consent-1_6a04fee8e5963__description\" class=\"forminator-checkbox__label forminator-consent__label\"><p>Sim, eu aceito de acordo com as&nbsp;<a rel=\"noopener\" target=\"_blank\" href=\"https:\/\/servpyx.com.br\/wfe\/politica-de-privacidade\/\">Pol\u00edticas de Privacidade<\/a><\/p><\/div><\/div><\/div><\/div><\/div><div class=\"forminator-row\"><div id=\"captcha-1\" class=\"forminator-field-captcha forminator-col forminator-col-12 \"><div class=\"forminator-captcha-left forminator-g-recaptcha recaptcha-invisible\" data-theme=\"light\" data-badge=\"inline\" data-sitekey=\"6LeOXxspAAAAAA8COp8nPHllW4G6f8Jui2AZ5zOL\" data-size=\"invisible\"><\/div> <\/div><\/div><input type=\"hidden\" name=\"referer_url\" value=\"\" \/><div class=\"forminator-row forminator-row-last\"><div class=\"forminator-col\"><div class=\"forminator-field\"><button class=\"forminator-button forminator-button-submit\">Enviar<\/button><\/div><\/div><\/div><input type=\"hidden\" id=\"forminator_nonce\" name=\"forminator_nonce\" value=\"4bac124698\" \/><input type=\"hidden\" name=\"_wp_http_referer\" value=\"\/wfe\/wp-json\/wp\/v2\/pages\/374\" \/><input type=\"hidden\" name=\"form_id\" value=\"372\"><input type=\"hidden\" name=\"page_id\" value=\"374\"><input type=\"hidden\" name=\"form_type\" value=\"default\"><input type=\"hidden\" name=\"current_url\" value=\"https:\/\/servpyx.com.br\/wfe\/pesquisa-de-satisfacao\/\"><input type=\"hidden\" name=\"render_id\" value=\"0\"><input type=\"hidden\" name=\"action\" value=\"forminator_submit_form_custom-forms\"><\/form><\/div>\n","protected":false},"excerpt":{"rendered":"<p>Pesquisa de Satisfa\u00e7\u00e3o<\/p>\n","protected":false},"author":1,"featured_media":0,"parent":0,"menu_order":0,"comment_status":"closed","ping_status":"closed","template":"","meta":{"footnotes":""},"class_list":["post-374","page","type-page","status-publish","hentry"],"_links":{"self":[{"href":"https:\/\/servpyx.com.br\/wfe\/wp-json\/wp\/v2\/pages\/374","targetHints":{"allow":["GET"]}}],"collection":[{"href":"https:\/\/servpyx.com.br\/wfe\/wp-json\/wp\/v2\/pages"}],"about":[{"href":"https:\/\/servpyx.com.br\/wfe\/wp-json\/wp\/v2\/types\/page"}],"author":[{"embeddable":true,"href":"https:\/\/servpyx.com.br\/wfe\/wp-json\/wp\/v2\/users\/1"}],"replies":[{"embeddable":true,"href":"https:\/\/servpyx.com.br\/wfe\/wp-json\/wp\/v2\/comments?post=374"}],"version-history":[{"count":3,"href":"https:\/\/servpyx.com.br\/wfe\/wp-json\/wp\/v2\/pages\/374\/revisions"}],"predecessor-version":[{"id":377,"href":"https:\/\/servpyx.com.br\/wfe\/wp-json\/wp\/v2\/pages\/374\/revisions\/377"}],"wp:attachment":[{"href":"https:\/\/servpyx.com.br\/wfe\/wp-json\/wp\/v2\/media?parent=374"}],"curies":[{"name":"wp","href":"https:\/\/api.w.org\/{rel}","templated":true}]}}